{"id":186,"date":"2016-10-09T21:27:33","date_gmt":"2016-10-09T19:27:33","guid":{"rendered":"http:\/\/alainvanhecke.be\/?page_id=186"},"modified":"2020-01-29T09:44:52","modified_gmt":"2020-01-29T08:44:52","slug":"biographie","status":"publish","type":"page","link":"https:\/\/alainvanhecke.be\/?page_id=186","title":{"rendered":"Contact"},"content":{"rendered":"<div class=\"mp-row-fluid motopress-row mpce-dsbl-margin-left mpce-dsbl-margin-right motopress-color-dark\">\n<div class=\"motopress-clmn mp-span12  mpce-dsbl-margin-left mpce-dsbl-margin-right\">\n<div class=\"motopress-code-obj mpce-prvt-186-594501842c286 motopress-margin-top-10\">\n<p><span style=\"color: #993300;\"><span class=\"color_14\">A<\/span><span class=\"color_14\">pr\u00e8s une carri\u00e8re professionnelle comme Ing\u00e9nieur Commercial dans le\u00a0secteur financier, je suis revenu \u00e0 mes premi\u00e8res aspirations.<\/span> <\/span><\/p>\n<p><span style=\"color: #993300;\"> <span class=\"color_14\">J&rsquo;essaie simplement d&rsquo;\u00e9changer par le dessin les sensations, \u00e9motions et r\u00e9flexions qui traversent le parcours de la vie :\u00a0un paysage, un visage, un mot &#8230; une r\u00e9flexion\u00a0 ou simplement une atmosph\u00e8re\u00a0&#8230; <\/span><\/span><\/p>\n<p><span class=\"color_14\" style=\"color: #993300;\">Ainsi je voudrais &#8230; pouvoir dessiner l\u2019instant qui fleurit, l&rsquo;inconscient qui agit, la douceur apprivois\u00e9e, &#8230; la douleur de la plaie, l\u2019usure du temps,\u00a0 et &#8230;\u00a0si le jeu en vaut la chandelle !<\/span><\/p>\n<\/div>\n<\/div>\n<\/div>\n<div class=\"mp-row-fluid motopress-row mpce-dsbl-margin-left mpce-dsbl-margin-right\">\n<div class=\"motopress-clmn mp-span3  mpce-dsbl-margin-left mpce-dsbl-margin-right\">\n<div class=\"motopress-image-obj motopress-text-align-center\"><img decoding=\"async\" src=\"https:\/\/alainvanhecke.be\/wp-content\/uploads\/2016\/10\/6782b2_0fd25b13b3ce4f7691d867e363db3ea9-225x300.jpg\" class=\"motopress-image-obj-basic mpce-dsbl-margin-left mpce-dsbl-margin-right mpce-dsbl-margin-top mpce-dsbl-margin-bottom\" \/><p class=\"motopress-image-caption\"><\/p><\/div>\n<\/div>\n<div class=\"motopress-clmn mp-span1  mpce-dsbl-margin-left mpce-dsbl-margin-right  motopress-empty mp-hidden-phone\">\n<\/div>\n<div class=\"motopress-clmn mp-span8  mpce-dsbl-margin-left mpce-dsbl-margin-right\">\n<div class=\"motopress-code-obj\">\n<p><span style=\"color: #ffffff;\"><span style=\"color: #0000ff;\"><span style=\"text-decoration: underline;\">alainvanhecke2@gmail.com<\/span><\/span><\/span><\/p>\n<p><span style=\"color: #ffffff;\"><span style=\"color: #0000ff;\"><span style=\"color: #000000;\">Mobile\u00a0<\/span><\/span><span style=\"color: #000000;\">: +32 478 469004 <\/span><\/span><\/p>\n<p><span style=\"color: #ffffff;\"><span style=\"color: #000000;\"><a href=\"https:\/\/www.facebook.com\/alain.vanhecke.7\">https:\/\/www.facebook.com\/alain.vanhecke.7<\/a> <\/span><\/span><\/p>\n<\/div>\n<\/div>\n<\/div>\n","protected":false},"excerpt":{"rendered":"Apr\u00e8s une carri\u00e8re professionnelle comme Ing\u00e9nieur Commercial dans le\u00a0secteur financier, je suis revenu \u00e0 mes premi\u00e8res aspirations. J&rsquo;essaie simplement d&rsquo;\u00e9changer par le dessin les sensations, \u00e9motions et r\u00e9flexions qui traversent le parcours de la vie :\u00a0un paysage, un visage, un&#8230;","protected":false},"author":1,"featured_media":0,"parent":0,"menu_order":5,"comment_status":"closed","ping_status":"closed","template":"","meta":{"footnotes":""},"class_list":["post-186","page","type-page","status-publish","hentry"],"_links":{"self":[{"href":"https:\/\/alainvanhecke.be\/index.php?rest_route=\/wp\/v2\/pages\/186","targetHints":{"allow":["GET"]}}],"collection":[{"href":"https:\/\/alainvanhecke.be\/index.php?rest_route=\/wp\/v2\/pages"}],"about":[{"href":"https:\/\/alainvanhecke.be\/index.php?rest_route=\/wp\/v2\/types\/page"}],"author":[{"embeddable":true,"href":"https:\/\/alainvanhecke.be\/index.php?rest_route=\/wp\/v2\/users\/1"}],"replies":[{"embeddable":true,"href":"https:\/\/alainvanhecke.be\/index.php?rest_route=%2Fwp%2Fv2%2Fcomments&post=186"}],"version-history":[{"count":88,"href":"https:\/\/alainvanhecke.be\/index.php?rest_route=\/wp\/v2\/pages\/186\/revisions"}],"predecessor-version":[{"id":2357,"href":"https:\/\/alainvanhecke.be\/index.php?rest_route=\/wp\/v2\/pages\/186\/revisions\/2357"}],"wp:attachment":[{"href":"https:\/\/alainvanhecke.be\/index.php?rest_route=%2Fwp%2Fv2%2Fmedia&parent=186"}],"curies":[{"name":"wp","href":"https:\/\/api.w.org\/{rel}","templated":true}]}}